{"id":8,"date":"2021-12-17T09:06:27","date_gmt":"2021-12-17T08:06:27","guid":{"rendered":"https:\/\/riversea.pl\/?page_id=8"},"modified":"2026-02-26T12:36:29","modified_gmt":"2026-02-26T11:36:29","slug":"o-nas","status":"publish","type":"page","link":"https:\/\/szablon3.nfhotel.usermd.net\/en\/","title":{"rendered":"About"},"content":{"rendered":"","protected":false},"excerpt":{"rendered":"","protected":false},"author":3,"featured_media":1661,"parent":0,"menu_order":0,"comment_status":"closed","ping_status":"closed","template":"","meta":{"_acf_changed":false,"footnotes":""},"class_list":["post-8","page","type-page","status-publish","has-post-thumbnail","hentry"],"acf":[],"yoast_head":"<!-- This site is optimized with the Yoast SEO plugin v27.1.1 - https:\/\/yoast.com\/product\/yoast-seo-wordpress\/ -->\n<title>O nas - Szablon3 - Zacisze pod g\u00f3r\u0105<\/title>\n<meta name=\"robots\" content=\"noindex, follow, max-snippet:-1, max-image-preview:large, max-video-preview:-1\" \/>\n<meta property=\"og:locale\" content=\"en_GB\" \/>\n<meta property=\"og:type\" content=\"article\" \/>\n<meta property=\"og:title\" content=\"O nas - Szablon3 - Zacisze pod g\u00f3r\u0105\" \/>\n<meta property=\"og:url\" content=\"https:\/\/szablon3.nfhotel.usermd.net\/en\/\" \/>\n<meta property=\"og:site_name\" content=\"Szablon3\" \/>\n<meta property=\"article:modified_time\" content=\"2026-02-26T11:36:29+00:00\" \/>\n<meta property=\"og:image\" content=\"https:\/\/szablon3.nfhotel.usermd.net\/wp-content\/uploads\/2024\/08\/wooden-cottage-and-clouds-over-tatra-mountains-po-2023-11-27-05-23-24-utc.jpg\" \/>\n\t<meta property=\"og:image:width\" content=\"1440\" \/>\n\t<meta property=\"og:image:height\" content=\"960\" \/>\n\t<meta property=\"og:image:type\" content=\"image\/jpeg\" \/>\n<meta name=\"twitter:card\" content=\"summary_large_image\" \/>\n<meta name=\"twitter:title\" content=\"River Sea Apartamenty\" \/>\n<meta name=\"twitter:description\" content=\"Riversea apartamenty to nowoczesne apartamenty o wysokim standardzie i wyj\u0105tkowym klimacie. Tworzone s\u0105 z dusz\u0105 i pasj\u0105 tak, aby ka\u017cdy Go\u015b\u0107 czu\u0142 si\u0119 wyj\u0105tkowo. W naszych dw\u00f3ch miejscowo\u015bciach pomorza zachodniego , w jakich znajduj\u0105 si\u0119 apartamenty, ka\u017cdy znajdzie co\u015b dla siebie. Oferujemy nocleg w znakomitej lokalizacji sk\u0105d jest bardzo blisko do szerokich pla\u017c, wody, teren\u00f3w zielonych czy centrum.\" \/>\n<meta name=\"twitter:label1\" content=\"Estimated reading time\" \/>\n\t<meta name=\"twitter:data1\" content=\"7 minutes\" \/>\n<script type=\"application\/ld+json\" class=\"yoast-schema-graph\">{\"@context\":\"https:\/\/schema.org\",\"@graph\":[{\"@type\":\"WebPage\",\"@id\":\"https:\/\/szablon3.nfhotel.usermd.net\/\",\"url\":\"https:\/\/szablon3.nfhotel.usermd.net\/\",\"name\":\"O nas - Szablon3 - Zacisze pod g\u00f3r\u0105\",\"isPartOf\":{\"@id\":\"https:\/\/szablon3.nfhotel.usermd.net\/#website\"},\"primaryImageOfPage\":{\"@id\":\"https:\/\/szablon3.nfhotel.usermd.net\/#primaryimage\"},\"image\":{\"@id\":\"https:\/\/szablon3.nfhotel.usermd.net\/#primaryimage\"},\"thumbnailUrl\":\"https:\/\/szablon3.nfhotel.usermd.net\/wp-content\/uploads\/2024\/08\/wooden-cottage-and-clouds-over-tatra-mountains-po-2023-11-27-05-23-24-utc.jpg\",\"datePublished\":\"2021-12-17T08:06:27+00:00\",\"dateModified\":\"2026-02-26T11:36:29+00:00\",\"breadcrumb\":{\"@id\":\"https:\/\/szablon3.nfhotel.usermd.net\/#breadcrumb\"},\"inLanguage\":\"en-GB\",\"potentialAction\":[{\"@type\":\"ReadAction\",\"target\":[\"https:\/\/szablon3.nfhotel.usermd.net\/\"]}]},{\"@type\":\"ImageObject\",\"inLanguage\":\"en-GB\",\"@id\":\"https:\/\/szablon3.nfhotel.usermd.net\/#primaryimage\",\"url\":\"https:\/\/szablon3.nfhotel.usermd.net\/wp-content\/uploads\/2024\/08\/wooden-cottage-and-clouds-over-tatra-mountains-po-2023-11-27-05-23-24-utc.jpg\",\"contentUrl\":\"https:\/\/szablon3.nfhotel.usermd.net\/wp-content\/uploads\/2024\/08\/wooden-cottage-and-clouds-over-tatra-mountains-po-2023-11-27-05-23-24-utc.jpg\",\"width\":1440,\"height\":960,\"caption\":\"Wooden cottage and clouds over Tatra Mountains, Poland\"},{\"@type\":\"BreadcrumbList\",\"@id\":\"https:\/\/szablon3.nfhotel.usermd.net\/#breadcrumb\",\"itemListElement\":[{\"@type\":\"ListItem\",\"position\":1,\"name\":\"Strona g\u0142\u00f3wna\",\"item\":\"https:\/\/szablon3.nfhotel.usermd.net\/\"},{\"@type\":\"ListItem\",\"position\":2,\"name\":\"O nas\"}]},{\"@type\":\"WebSite\",\"@id\":\"https:\/\/szablon3.nfhotel.usermd.net\/#website\",\"url\":\"https:\/\/szablon3.nfhotel.usermd.net\/\",\"name\":\"Szablon3\",\"description\":\"Zacisze pod g\u00f3r\u0105\",\"publisher\":{\"@id\":\"https:\/\/szablon3.nfhotel.usermd.net\/#organization\"},\"potentialAction\":[{\"@type\":\"SearchAction\",\"target\":{\"@type\":\"EntryPoint\",\"urlTemplate\":\"https:\/\/szablon3.nfhotel.usermd.net\/?s={search_term_string}\"},\"query-input\":{\"@type\":\"PropertyValueSpecification\",\"valueRequired\":true,\"valueName\":\"search_term_string\"}}],\"inLanguage\":\"en-GB\"},{\"@type\":\"Organization\",\"@id\":\"https:\/\/szablon3.nfhotel.usermd.net\/#organization\",\"name\":\"Szablon3\",\"url\":\"https:\/\/szablon3.nfhotel.usermd.net\/\",\"logo\":{\"@type\":\"ImageObject\",\"inLanguage\":\"en-GB\",\"@id\":\"https:\/\/szablon3.nfhotel.usermd.net\/#\/schema\/logo\/image\/\",\"url\":\"\",\"contentUrl\":\"\",\"caption\":\"Szablon3\"},\"image\":{\"@id\":\"https:\/\/szablon3.nfhotel.usermd.net\/#\/schema\/logo\/image\/\"}}]}<\/script>\n<!-- \/ Yoast SEO plugin. -->","yoast_head_json":{"title":"O nas - Szablon3 - Zacisze pod g\u00f3r\u0105","robots":{"index":"noindex","follow":"follow","max-snippet":"max-snippet:-1","max-image-preview":"max-image-preview:large","max-video-preview":"max-video-preview:-1"},"og_locale":"en_GB","og_type":"article","og_title":"O nas - Szablon3 - Zacisze pod g\u00f3r\u0105","og_url":"https:\/\/szablon3.nfhotel.usermd.net\/en\/","og_site_name":"Szablon3","article_modified_time":"2026-02-26T11:36:29+00:00","og_image":[{"width":1440,"height":960,"url":"https:\/\/szablon3.nfhotel.usermd.net\/wp-content\/uploads\/2024\/08\/wooden-cottage-and-clouds-over-tatra-mountains-po-2023-11-27-05-23-24-utc.jpg","type":"image\/jpeg"}],"twitter_card":"summary_large_image","twitter_title":"River Sea Apartamenty","twitter_description":"Riversea apartamenty to nowoczesne apartamenty o wysokim standardzie i wyj\u0105tkowym klimacie. Tworzone s\u0105 z dusz\u0105 i pasj\u0105 tak, aby ka\u017cdy Go\u015b\u0107 czu\u0142 si\u0119 wyj\u0105tkowo. W naszych dw\u00f3ch miejscowo\u015bciach pomorza zachodniego , w jakich znajduj\u0105 si\u0119 apartamenty, ka\u017cdy znajdzie co\u015b dla siebie. Oferujemy nocleg w znakomitej lokalizacji sk\u0105d jest bardzo blisko do szerokich pla\u017c, wody, teren\u00f3w zielonych czy centrum.","twitter_misc":{"Estimated reading time":"7 minutes"},"schema":{"@context":"https:\/\/schema.org","@graph":[{"@type":"WebPage","@id":"https:\/\/szablon3.nfhotel.usermd.net\/","url":"https:\/\/szablon3.nfhotel.usermd.net\/","name":"O nas - Szablon3 - Zacisze pod g\u00f3r\u0105","isPartOf":{"@id":"https:\/\/szablon3.nfhotel.usermd.net\/#website"},"primaryImageOfPage":{"@id":"https:\/\/szablon3.nfhotel.usermd.net\/#primaryimage"},"image":{"@id":"https:\/\/szablon3.nfhotel.usermd.net\/#primaryimage"},"thumbnailUrl":"https:\/\/szablon3.nfhotel.usermd.net\/wp-content\/uploads\/2024\/08\/wooden-cottage-and-clouds-over-tatra-mountains-po-2023-11-27-05-23-24-utc.jpg","datePublished":"2021-12-17T08:06:27+00:00","dateModified":"2026-02-26T11:36:29+00:00","breadcrumb":{"@id":"https:\/\/szablon3.nfhotel.usermd.net\/#breadcrumb"},"inLanguage":"en-GB","potentialAction":[{"@type":"ReadAction","target":["https:\/\/szablon3.nfhotel.usermd.net\/"]}]},{"@type":"ImageObject","inLanguage":"en-GB","@id":"https:\/\/szablon3.nfhotel.usermd.net\/#primaryimage","url":"https:\/\/szablon3.nfhotel.usermd.net\/wp-content\/uploads\/2024\/08\/wooden-cottage-and-clouds-over-tatra-mountains-po-2023-11-27-05-23-24-utc.jpg","contentUrl":"https:\/\/szablon3.nfhotel.usermd.net\/wp-content\/uploads\/2024\/08\/wooden-cottage-and-clouds-over-tatra-mountains-po-2023-11-27-05-23-24-utc.jpg","width":1440,"height":960,"caption":"Wooden cottage and clouds over Tatra Mountains, Poland"},{"@type":"BreadcrumbList","@id":"https:\/\/szablon3.nfhotel.usermd.net\/#breadcrumb","itemListElement":[{"@type":"ListItem","position":1,"name":"Strona g\u0142\u00f3wna","item":"https:\/\/szablon3.nfhotel.usermd.net\/"},{"@type":"ListItem","position":2,"name":"O nas"}]},{"@type":"WebSite","@id":"https:\/\/szablon3.nfhotel.usermd.net\/#website","url":"https:\/\/szablon3.nfhotel.usermd.net\/","name":"Szablon3","description":"Zacisze pod g\u00f3r\u0105","publisher":{"@id":"https:\/\/szablon3.nfhotel.usermd.net\/#organization"},"potentialAction":[{"@type":"SearchAction","target":{"@type":"EntryPoint","urlTemplate":"https:\/\/szablon3.nfhotel.usermd.net\/?s={search_term_string}"},"query-input":{"@type":"PropertyValueSpecification","valueRequired":true,"valueName":"search_term_string"}}],"inLanguage":"en-GB"},{"@type":"Organization","@id":"https:\/\/szablon3.nfhotel.usermd.net\/#organization","name":"Szablon3","url":"https:\/\/szablon3.nfhotel.usermd.net\/","logo":{"@type":"ImageObject","inLanguage":"en-GB","@id":"https:\/\/szablon3.nfhotel.usermd.net\/#\/schema\/logo\/image\/","url":"","contentUrl":"","caption":"Szablon3"},"image":{"@id":"https:\/\/szablon3.nfhotel.usermd.net\/#\/schema\/logo\/image\/"}}]}},"_links":{"self":[{"href":"https:\/\/szablon3.nfhotel.usermd.net\/en\/wp-json\/wp\/v2\/pages\/8","targetHints":{"allow":["GET"]}}],"collection":[{"href":"https:\/\/szablon3.nfhotel.usermd.net\/en\/wp-json\/wp\/v2\/pages"}],"about":[{"href":"https:\/\/szablon3.nfhotel.usermd.net\/en\/wp-json\/wp\/v2\/types\/page"}],"author":[{"embeddable":true,"href":"https:\/\/szablon3.nfhotel.usermd.net\/en\/wp-json\/wp\/v2\/users\/3"}],"replies":[{"embeddable":true,"href":"https:\/\/szablon3.nfhotel.usermd.net\/en\/wp-json\/wp\/v2\/comments?post=8"}],"version-history":[{"count":2,"href":"https:\/\/szablon3.nfhotel.usermd.net\/en\/wp-json\/wp\/v2\/pages\/8\/revisions"}],"predecessor-version":[{"id":1836,"href":"https:\/\/szablon3.nfhotel.usermd.net\/en\/wp-json\/wp\/v2\/pages\/8\/revisions\/1836"}],"wp:featuredmedia":[{"embeddable":true,"href":"https:\/\/szablon3.nfhotel.usermd.net\/en\/wp-json\/wp\/v2\/media\/1661"}],"wp:attachment":[{"href":"https:\/\/szablon3.nfhotel.usermd.net\/en\/wp-json\/wp\/v2\/media?parent=8"}],"curies":[{"name":"wp","href":"https:\/\/api.w.org\/{rel}","templated":true}]}}